{"id":884,"date":"2024-04-16T14:03:48","date_gmt":"2024-04-16T12:03:48","guid":{"rendered":"https:\/\/luciahornak.sk\/?page_id=884"},"modified":"2024-05-17T12:24:22","modified_gmt":"2024-05-17T10:24:22","slug":"the-skein-of-touches","status":"publish","type":"page","link":"https:\/\/luciahornak.sk\/?page_id=884","title":{"rendered":"The Skein of Touches"},"content":{"rendered":"\t\t<div data-elementor-type=\"wp-page\" data-elementor-id=\"884\" class=\"elementor elementor-884\">\n\t\t\t\t\t\t<section class=\"elementor-section elementor-top-section elementor-element elementor-element-3f7da2c4 elementor-section-boxed elementor-section-height-default elementor-section-height-default\" data-id=\"3f7da2c4\" data-element_type=\"section\">\n\t\t\t\t\t\t<div class=\"elementor-container elementor-column-gap-default\">\n\t\t\t\t\t<div class=\"elementor-column elementor-col-100 elementor-top-column elementor-element elementor-element-4459010d\" data-id=\"4459010d\" data-element_type=\"column\">\n\t\t\t<div class=\"elementor-widget-wrap elementor-element-populated\">\n\t\t\t\t\t\t<div class=\"elementor-element elementor-element-c8c8f4c elementor-widget elementor-widget-text-editor\" data-id=\"c8c8f4c\" data-element_type=\"widget\" data-widget_type=\"text-editor.default\">\n\t\t\t\t<div class=\"elementor-widget-container\">\n\t\t\t\t\t\t\t\t\t\n<p><a href=\"https:\/\/art.aku.sk\/app\/users\/123\"><\/a><a href=\"https:\/\/art.aku.sk\/app\/users\/123\"><\/a><\/p>\n\t\t\t\t\t\t\t\t<\/div>\n\t\t\t\t<\/div>\n\t\t\t\t\t<\/div>\n\t\t<\/div>\n\t\t\t\t\t<\/div>\n\t\t<\/section>\n\t\t\t\t<section class=\"elementor-section elementor-top-section elementor-element elementor-element-63124ae elementor-section-boxed elementor-section-height-default elementor-section-height-default\" data-id=\"63124ae\" data-element_type=\"section\">\n\t\t\t\t\t\t<div class=\"elementor-container elementor-column-gap-default\">\n\t\t\t\t\t<div class=\"elementor-column elementor-col-100 elementor-top-column elementor-element elementor-element-2d12524\" data-id=\"2d12524\" data-element_type=\"column\">\n\t\t\t<div class=\"elementor-widget-wrap elementor-element-populated\">\n\t\t\t\t\t\t<div class=\"elementor-element elementor-element-a9869d9 elementor-widget elementor-widget-heading\" data-id=\"a9869d9\" data-element_type=\"widget\" data-widget_type=\"heading.default\">\n\t\t\t\t<div class=\"elementor-widget-container\">\n\t\t\t\t\t<h2 class=\"elementor-heading-title elementor-size-default\"><h2 class=\"elementor-heading-title elementor-size-default elementor-inline-editing pen\" data-elementor-setting-key=\"title\" data-pen-placeholder=\"P\u00ed\u0161te tu...\" style=\"font-size: var(--wp--preset--font-size--x-large)\">The Skein of Touches<\/h2><\/h2>\t\t\t\t<\/div>\n\t\t\t\t<\/div>\n\t\t\t\t<section class=\"elementor-section elementor-inner-section elementor-element elementor-element-43ea553 elementor-section-boxed elementor-section-height-default elementor-section-height-default\" data-id=\"43ea553\" data-element_type=\"section\">\n\t\t\t\t\t\t<div class=\"elementor-container elementor-column-gap-default\">\n\t\t\t\t\t<div class=\"elementor-column elementor-col-50 elementor-inner-column elementor-element elementor-element-d5bf2b8\" data-id=\"d5bf2b8\" data-element_type=\"column\">\n\t\t\t<div class=\"elementor-widget-wrap elementor-element-populated\">\n\t\t\t\t\t\t<div class=\"elementor-element elementor-element-d969450 elementor-widget elementor-widget-text-editor\" data-id=\"d969450\" data-element_type=\"widget\" data-widget_type=\"text-editor.default\">\n\t\t\t\t<div class=\"elementor-widget-container\">\n\t\t\t\t\t\t\t\t\t<p>M\u00e4kk\u00fd materi\u00e1l pova\u017eujem za m\u00e9dium, ktor\u00e9 mi pon\u00faka mo\u017enos\u0165 dotkn\u00fa\u0165 sa druh\u00fdch \u013eud\u00ed a za\u010da\u0165 s nimi komunikova\u0165. T\u00e1to pr\u00e1ca odkazuje na esej Lucy R. Lippardovej Up, Down and Across: A New Frame for New Quilts. Nahor, nadol a naprie\u010d, tak sa dot\u00fdka osnovy \u010dlnok s \u00fatkom pri tkan\u00ed. Pre m\u0148a je tkanie ako pr\u00fad slov, drobn\u00fdch rozhovorov a bl\u00edzkosti \u013eud\u00ed. Tento objekt &#8211; klbko a video som vytvorila spolu so svoj\u00edm synom Jergu\u0161om. Ukazujem, ako tvor\u00edme, ovplyv\u0148ujeme sa, u\u010d\u00edme sa, jeden od druh\u00e9ho. Ak\u00e9 je to by\u0165 spolu. Po\u0161tov\u00e1 krabica je miestom stretnutia v\u0161etk\u00fdch dotykov &#8211; umelca, objektu klbka, diela, prepravcov. Tieto \u010dasti sa sp\u00e1jaj\u00fa dotykom svetla na malom mieste.<\/p>\n<p><br \/>Videoin\u0161tal\u00e1cia<br \/>2024<\/p>\t\t\t\t\t\t\t\t<\/div>\n\t\t\t\t<\/div>\n\t\t\t\t<div class=\"elementor-element elementor-element-8b62340 elementor-widget elementor-widget-spacer\" data-id=\"8b62340\" data-element_type=\"widget\" data-widget_type=\"spacer.default\">\n\t\t\t\t<div class=\"elementor-widget-container\">\n\t\t\t\t\t\t\t<div class=\"elementor-spacer\">\n\t\t\t<div class=\"elementor-spacer-inner\"><\/div>\n\t\t<\/div>\n\t\t\t\t\t\t<\/div>\n\t\t\t\t<\/div>\n\t\t\t\t\t<\/div>\n\t\t<\/div>\n\t\t\t\t<div class=\"elementor-column elementor-col-50 elementor-inner-column elementor-element elementor-element-0db8223\" data-id=\"0db8223\" data-element_type=\"column\">\n\t\t\t<div class=\"elementor-widget-wrap elementor-element-populated\">\n\t\t\t\t\t\t<div class=\"elementor-element elementor-element-4144087 gallery-spacing-custom elementor-widget elementor-widget-image-gallery\" data-id=\"4144087\" data-element_type=\"widget\" data-widget_type=\"image-gallery.default\">\n\t\t\t\t<div class=\"elementor-widget-container\">\n\t\t\t\t\t\t\t<div class=\"elementor-image-gallery\">\n\t\t\t<div id='gallery-1' class='gallery galleryid-884 gallery-columns-4 gallery-size-thumbnail'><figure class='gallery-item'>\n\t\t\t<div class='gallery-icon landscape'>\n\t\t\t\t<a  href='https:\/\/luciahornak.sk\/wp-content\/uploads\/2024\/04\/IMG_2342.jpg'><img decoding=\"async\" width=\"150\" height=\"150\" src=\"https:\/\/luciahornak.sk\/wp-content\/uploads\/2024\/04\/IMG_2342-150x150.jpg\" class=\"attachment-thumbnail size-thumbnail\" alt=\"\" srcset=\"https:\/\/luciahornak.sk\/wp-content\/uploads\/2024\/04\/IMG_2342-150x150.jpg 150w, https:\/\/luciahornak.sk\/wp-content\/uploads\/2024\/04\/IMG_2342-300x300.jpg 300w, https:\/\/luciahornak.sk\/wp-content\/uploads\/2024\/04\/IMG_2342-1024x1024.jpg 1024w, https:\/\/luciahornak.sk\/wp-content\/uploads\/2024\/04\/IMG_2342-768x768.jpg 768w\" sizes=\"(max-width: 150px) 100vw, 150px\" \/><\/a>\n\t\t\t<\/div><\/figure><figure class='gallery-item'>\n\t\t\t<div class='gallery-icon landscape'>\n\t\t\t\t<a  href='https:\/\/luciahornak.sk\/wp-content\/uploads\/2024\/04\/IMG_2345-scaled.jpg'><img decoding=\"async\" width=\"150\" height=\"150\" src=\"https:\/\/luciahornak.sk\/wp-content\/uploads\/2024\/04\/IMG_2345-150x150.jpg\" class=\"attachment-thumbnail size-thumbnail\" alt=\"\" srcset=\"https:\/\/luciahornak.sk\/wp-content\/uploads\/2024\/04\/IMG_2345-150x150.jpg 150w, https:\/\/luciahornak.sk\/wp-content\/uploads\/2024\/04\/IMG_2345-300x300.jpg 300w, https:\/\/luciahornak.sk\/wp-content\/uploads\/2024\/04\/IMG_2345-1024x1024.jpg 1024w, https:\/\/luciahornak.sk\/wp-content\/uploads\/2024\/04\/IMG_2345-768x768.jpg 768w\" sizes=\"(max-width: 150px) 100vw, 150px\" \/><\/a>\n\t\t\t<\/div><\/figure>\n\t\t<\/div>\n\t\t<\/div>\n\t\t\t\t\t\t<\/div>\n\t\t\t\t<\/div>\n\t\t\t\t\t<\/div>\n\t\t<\/div>\n\t\t\t\t\t<\/div>\n\t\t<\/section>\n\t\t\t\t\t<\/div>\n\t\t<\/div>\n\t\t\t\t\t<\/div>\n\t\t<\/section>\n\t\t\t\t<\/div>\n\t\t","protected":false},"excerpt":{"rendered":"<p>The Skein of Touches M\u00e4kk\u00fd materi\u00e1l pova\u017eujem za m\u00e9dium, ktor\u00e9 mi pon\u00faka mo\u017enos\u0165 dotkn\u00fa\u0165 sa druh\u00fdch \u013eud\u00ed a za\u010da\u0165 s nimi komunikova\u0165. T\u00e1to pr\u00e1ca odkazuje na esej Lucy R. Lippardovej Up, Down and Across: A New Frame for New Quilts. Nahor, nadol a naprie\u010d, tak sa dot\u00fdka osnovy \u010dlnok s \u00fatkom pri tkan\u00ed. Pre m\u0148a [&hellip;]<\/p>\n","protected":false},"author":2,"featured_media":0,"parent":0,"menu_order":0,"comment_status":"closed","ping_status":"closed","template":"","meta":{"footnotes":""},"class_list":["post-884","page","type-page","status-publish","hentry"],"_links":{"self":[{"href":"https:\/\/luciahornak.sk\/index.php?rest_route=\/wp\/v2\/pages\/884","targetHints":{"allow":["GET"]}}],"collection":[{"href":"https:\/\/luciahornak.sk\/index.php?rest_route=\/wp\/v2\/pages"}],"about":[{"href":"https:\/\/luciahornak.sk\/index.php?rest_route=\/wp\/v2\/types\/page"}],"author":[{"embeddable":true,"href":"https:\/\/luciahornak.sk\/index.php?rest_route=\/wp\/v2\/users\/2"}],"replies":[{"embeddable":true,"href":"https:\/\/luciahornak.sk\/index.php?rest_route=%2Fwp%2Fv2%2Fcomments&post=884"}],"version-history":[{"count":10,"href":"https:\/\/luciahornak.sk\/index.php?rest_route=\/wp\/v2\/pages\/884\/revisions"}],"predecessor-version":[{"id":967,"href":"https:\/\/luciahornak.sk\/index.php?rest_route=\/wp\/v2\/pages\/884\/revisions\/967"}],"wp:attachment":[{"href":"https:\/\/luciahornak.sk\/index.php?rest_route=%2Fwp%2Fv2%2Fmedia&parent=884"}],"curies":[{"name":"wp","href":"https:\/\/api.w.org\/{rel}","templated":true}]}}